{"id":8243,"date":"2022-09-01T12:36:41","date_gmt":"2022-09-01T10:36:41","guid":{"rendered":"https:\/\/supdeco.sn\/?page_id=8243"},"modified":"2022-09-09T14:37:41","modified_gmt":"2022-09-09T12:37:41","slug":"nos-evenements-phares","status":"publish","type":"page","link":"https:\/\/supdeco.sn\/en\/nos-evenements-phares\/","title":{"rendered":"(Fran\u00e7ais) Nos \u00e9v\u00e9nements phares"},"content":{"rendered":"<p class=\"qtranxs-available-languages-message qtranxs-available-languages-message-en\">Sorry, this entry is only available in <a href=\"https:\/\/supdeco.sn\/fr\/wp-json\/wp\/v2\/pages\/8243\" class=\"qtranxs-available-language-link qtranxs-available-language-link-fr\" title=\"Fran\u00e7ais\">Fran\u00e7ais<\/a>.<\/p>","protected":false},"excerpt":{"rendered":"<p>Sorry, this entry is only available in Fran\u00e7ais.<\/p>\n","protected":false},"author":3,"featured_media":0,"parent":0,"menu_order":0,"comment_status":"closed","ping_status":"closed","template":"","meta":{"om_disable_all_campaigns":false,"_monsterinsights_skip_tracking":false,"_monsterinsights_sitenote_active":false,"_monsterinsights_sitenote_note":"","_monsterinsights_sitenote_category":0,"footnotes":""},"class_list":["post-8243","page","type-page","status-publish","hentry"],"aioseo_notices":[],"_links":{"self":[{"href":"https:\/\/supdeco.sn\/en\/wp-json\/wp\/v2\/pages\/8243","targetHints":{"allow":["GET"]}}],"collection":[{"href":"https:\/\/supdeco.sn\/en\/wp-json\/wp\/v2\/pages"}],"about":[{"href":"https:\/\/supdeco.sn\/en\/wp-json\/wp\/v2\/types\/page"}],"author":[{"embeddable":true,"href":"https:\/\/supdeco.sn\/en\/wp-json\/wp\/v2\/users\/3"}],"replies":[{"embeddable":true,"href":"https:\/\/supdeco.sn\/en\/wp-json\/wp\/v2\/comments?post=8243"}],"version-history":[{"count":6,"href":"https:\/\/supdeco.sn\/en\/wp-json\/wp\/v2\/pages\/8243\/revisions"}],"predecessor-version":[{"id":8478,"href":"https:\/\/supdeco.sn\/en\/wp-json\/wp\/v2\/pages\/8243\/revisions\/8478"}],"wp:attachment":[{"href":"https:\/\/supdeco.sn\/en\/wp-json\/wp\/v2\/media?parent=8243"}],"curies":[{"name":"wp","href":"https:\/\/api.w.org\/{rel}","templated":true}]}}